{"id":3,"date":"2025-09-08T11:29:09","date_gmt":"2025-09-08T09:29:09","guid":{"rendered":"https:\/\/ttg2025.otosrl.com\/?page_id=3"},"modified":"2025-10-02T17:23:57","modified_gmt":"2025-10-02T15:23:57","slug":"privacy-policy","status":"publish","type":"page","link":"https:\/\/www.otosrl.com\/it\/privacy-policy\/","title":{"rendered":"Privacy Policy"},"content":{"rendered":"[vc_row type=&#8221;in_container&#8221; full_screen_row_position=&#8221;middle&#8221; column_margin=&#8221;default&#8221; column_direction=&#8221;default&#8221; column_direction_tablet=&#8221;default&#8221; column_direction_phone=&#8221;default&#8221; scene_position=&#8221;center&#8221; text_color=&#8221;dark&#8221; text_align=&#8221;left&#8221; row_border_radius=&#8221;none&#8221; row_border_radius_applies=&#8221;bg&#8221; overflow=&#8221;visible&#8221; overlay_strength=&#8221;0.3&#8243; gradient_direction=&#8221;left_to_right&#8221; shape_divider_position=&#8221;bottom&#8221; bg_image_animation=&#8221;none&#8221;][vc_column top_padding_desktop=&#8221;4vw&#8221; top_padding_tablet=&#8221;8vw&#8221; column_element_direction_desktop=&#8221;default&#8221; column_element_spacing=&#8221;default&#8221; desktop_text_alignment=&#8221;default&#8221; tablet_text_alignment=&#8221;default&#8221; phone_text_alignment=&#8221;default&#8221; background_color_opacity=&#8221;1&#8243; background_hover_color_opacity=&#8221;1&#8243; column_backdrop_filter=&#8221;none&#8221; column_shadow=&#8221;none&#8221; column_border_radius=&#8221;none&#8221; column_link_target=&#8221;_self&#8221; column_position=&#8221;default&#8221; gradient_direction=&#8221;left_to_right&#8221; overlay_strength=&#8221;0.3&#8243; width=&#8221;1\/1&#8243; tablet_width_inherit=&#8221;default&#8221; animation_type=&#8221;default&#8221; bg_image_animation=&#8221;none&#8221; border_type=&#8221;simple&#8221; column_border_width=&#8221;none&#8221; column_border_style=&#8221;solid&#8221; column_padding_type=&#8221;advanced&#8221; gradient_type=&#8221;default&#8221;][split_line_heading animation_type=&#8221;line-reveal-by-space&#8221; font_style=&#8221;h2&#8243; text_color=&#8221;#000000&#8243; line_reveal_by_space_text_effect=&#8221;none&#8221; mobile_disable_animation=&#8221;true&#8221; content_alignment=&#8221;default&#8221; mobile_content_alignment=&#8221;inherit&#8221; link_target=&#8221;_self&#8221; text_content=&#8221;Privacy Policy&#8221; font_size=&#8221;5vw&#8221; font_size_tablet=&#8221;6vw&#8221; font_line_height=&#8221;1.4&#8243; text_direction=&#8221;default&#8221; font_size_phone=&#8221;12vw&#8221;][\/split_line_heading][divider line_type=&#8221;Full Width Line&#8221; line_thickness=&#8221;1&#8243; divider_color=&#8221;black&#8221; animate=&#8221;yes&#8221; custom_height=&#8221;45&#8243;][\/vc_column][\/vc_row][vc_row type=&#8221;in_container&#8221; full_screen_row_position=&#8221;middle&#8221; column_margin=&#8221;default&#8221; column_direction=&#8221;default&#8221; column_direction_tablet=&#8221;default&#8221; column_direction_phone=&#8221;default&#8221; scene_position=&#8221;center&#8221; left_padding_desktop=&#8221;4%&#8221; constrain_group_2=&#8221;yes&#8221; right_padding_desktop=&#8221;4%&#8221; left_padding_phone=&#8221;0&#8243; constrain_group_6=&#8221;yes&#8221; right_padding_phone=&#8221;0&#8243; text_color=&#8221;dark&#8221; text_align=&#8221;left&#8221; row_border_radius=&#8221;none&#8221; row_border_radius_applies=&#8221;bg&#8221; overflow=&#8221;visible&#8221; overlay_strength=&#8221;0.3&#8243; gradient_direction=&#8221;left_to_right&#8221; shape_divider_position=&#8221;bottom&#8221; bg_image_animation=&#8221;none&#8221; gradient_type=&#8221;default&#8221; shape_type=&#8221;&#8221;][vc_column bottom_padding_desktop=&#8221;4vw&#8221; bottom_padding_tablet=&#8221;8vw&#8221; column_element_direction_desktop=&#8221;default&#8221; column_element_spacing=&#8221;default&#8221; desktop_text_alignment=&#8221;default&#8221; tablet_text_alignment=&#8221;default&#8221; phone_text_alignment=&#8221;default&#8221; background_color_opacity=&#8221;1&#8243; background_hover_color_opacity=&#8221;1&#8243; column_backdrop_filter=&#8221;none&#8221; column_shadow=&#8221;none&#8221; column_border_radius=&#8221;none&#8221; column_link_target=&#8221;_self&#8221; column_position=&#8221;default&#8221; gradient_direction=&#8221;left_to_right&#8221; overlay_strength=&#8221;0.3&#8243; width=&#8221;1\/1&#8243; tablet_width_inherit=&#8221;default&#8221; animation_type=&#8221;default&#8221; bg_image_animation=&#8221;none&#8221; border_type=&#8221;simple&#8221; column_border_width=&#8221;none&#8221; column_border_style=&#8221;solid&#8221; column_padding_type=&#8221;advanced&#8221; gradient_type=&#8221;default&#8221;][vc_column_text css=&#8221;&#8221; text_direction=&#8221;default&#8221;]\n<div class=\"my-6\">\n<h3 class=\"mb-3\">Informativa sulla privacy<\/h3>\n<p class=\"fs-7\">OTO srl, si impegna a rispettare le scelte sulla privacy degli utenti del proprio sito web.<br \/>\nQuesta Informativa sulla privacy descrive quali sono i dati raccolti, il loro utilizzo e la finalit\u00e0 del trattamento.<\/p>\n<p class=\"fs-7\">OTO srl con sede in Via Duca D&#8217;Aosta 110\/A, San Giovanni La Punta (CT), Italia, e-mail privacy@otosrl.com \u00e8 il Titolare del trattamento dei dati personali dei suoi Clienti e dei Visitatori del sito web www.otosrl.com (di seguito \u201cdi OTO\u201d)<\/p>\n<p class=\"fs-7\">Qualora l\u2019utilizzo dei servizi offerti sul sito web di OTO origini da un contratto tra un Ospite e un terzo, quest\u2019ultimo, Cliente di OTO, \u00e8 identificato come Titolare del trattamento dei dati e OTO \u00e8 identificato come Responsabile del trattamento.<\/p>\n<p class=\"fs-7\">Le responsabilit\u00e0 di Titolare e Responsabile sono regolate da rapporti contrattuali fra OTO e i suoi Clienti. OTO si impegna comunque a comunicare ai Titolari ogni eventuale richiesta pervenuta in merito al trattamento dei dati personali per cui OTO \u00e8 Responsabile.<\/p>\n<p class=\"fs-7\">L\u2019accesso al sito Web di OTO e\/o utilizzando i nostri servizi, implica l\u2019accettazione dei termini di questa politica.<\/p>\n<\/div>\n<div class=\"my-6\">\n<h3 class=\"mb-3\">Definizioni<\/h3>\n<div class=\"mb-3\">\n<h5><strong>Titolare del Trattamento dei dati<\/strong><\/h5>\n<p class=\"fs-7\">\u00e8 &#8220;la persona fisica o giuridica, l&#8217;autorit\u00e0 pubblica, il servizio o altro organismo che, singolarmente o insieme ad altri, determina le finalit\u00e0 e i mezzi del trattamento di dati personali&#8221;\u00a0(art. 4. par. 1, n. 7 GDPR).<\/p>\n<\/div>\n<div class=\"mb-3\">\n<h5><strong>Responsabile del Trattamento<\/strong><\/h5>\n<p class=\"fs-7\">\u00e8 la persona fisica, giuridica, pubblica amministrazione o ente che elabora i dati personali per conto del titolare del trattamento (art. 4, par. 1, n. 8 GDPR).<\/p>\n<\/div>\n<div class=\"mb-3\">\n<h5><strong>Cliente<\/strong><\/h5>\n<p>\u00e8 la persona fisica, giuridica con cui OTO ha un rapporto contrattuale in atto.<\/p>\n<\/div>\n<div class=\"mb-3\">\n<h5><strong>Ospite<\/strong><\/h5>\n<p class=\"fs-7\">\u00e8 la persona fisica, che accede ai servizi di OTO, senza avere un rapporto contrattuale diretto con OTO e che hanno un rapporto contrattuale con un Cliente che consente loro di accedere ai servizi di OTO.<\/p>\n<\/div>\n<div class=\"mb-3\">\n<h5><strong>Visitatore<\/strong><\/h5>\n<p class=\"fs-7\">\u00e8 la persona fisica, che accede al sito di OTO, senza avere un rapporto contrattuale diretto con OTO, con un suo Cliente o comunque senza poter essere identificato.<\/p>\n<\/div>\n<\/div>\n<div class=\"my-6\">\n<ol role=\"list\">\n<li role=\"listitem\">\n<h3>Che informazioni raccogliamo e come le usiamo<\/h3>\n<p class=\"fs-7\">&#8220;Dati personali&#8221; sono tutte le informazioni relative alla persona fisica, che possono essere identificate direttamente o indirettamente.<br \/>\nRaccogliamo i seguenti dati personali su di te:<\/p>\n<ol role=\"list\">\n<li role=\"listitem\">\n<h5>Informazioni che usiamo per fornire servizi<\/h5>\n<ul class=\"list-unstyled\" role=\"list\">\n<li class=\"fs-7\" role=\"listitem\"><strong>Informazioni sui contatti.<\/strong>\u00a0Quando ti registri ad almeno uno dei Servizi di OTO, potremmo raccogliere alcune informazioni, come il tuo nome e cognome, nome dell&#8217;organizzazione, citt\u00e0, provincia e codice postale, indirizzo email e numero di telefono o altri dati utili per poterti contattare.<\/li>\n<li class=\"fs-7\" role=\"listitem\"><strong>Informazioni di fatturazione.<\/strong>\u00a0Al momento dell&#8217;acquisto di servizi, ti verr\u00e0 richiesto di fornire ulteriori informazioni che potrebbero includere un numero di carta di credito o altre informazioni bancarie o di pagamento. Queste informazioni sono richieste per verificare la tua identit\u00e0 e per fini contabili.<\/li>\n<li class=\"fs-7\" role=\"listitem\"><strong>Informazioni di servizio.<\/strong>\u00a0Al fine di fornire servizi all&#8217;utente e migliorare i nostri servizi, potremmo raccogliere informazioni fornite dall&#8217;utente in connessione con l&#8217;utilizzo dei servizi, incluse informazioni sugli ordini, registri delle chat, registri e-mail e informazioni statistiche sulle tue azioni inerenti le tue visite sulle aree del Sito.<\/li>\n<li class=\"fs-7\" role=\"listitem\"><strong>Informazioni di terzi.<\/strong>\u00a0Potremmo integrare le informazioni sui nostri Clienti qualora questi siano affiliati o collegati commercialmente ad altri nostri Clienti. Queste informazioni combinate potrebbero essere utilizzate da noi per migliorare la nostra capacit\u00e0 di erogare i nostri servizi.<\/li>\n<li class=\"fs-7\" role=\"listitem\"><strong>Informazioni tecniche.<\/strong>\u00a0Accedendo al sito web di OTO, potrebbero essere registrati alcuni dati che identificano il dispositivo utilizzato come: indirizzo IP, identificativo del client web utilizzato, pagina di provenienza, alcune informazioni inserite nei moduli, codice della risposta restituita dal server.<\/li>\n<\/ul>\n<\/li>\n<li role=\"listitem\">\n<h5>Finalit\u00e0 del trattamento<\/h5>\n<p class=\"fs-7\">Qualora tu abbia prestato il tuo consenso, potremmo usare il tuo nome, indirizzo, e-mail e numero di telefono per contattarti o inviarti aggiornamenti aziendali e offerte di marketing sui Servizi che utilizzi o servizi simili che forniamo.<br \/>\nPuoi opporti in qualunque momento a tale elaborazione e puoi rifiutare di ricevere tale comunicazione inviando un&#8217;e-mail a privacy@otosrl.com o raggiungendo l\u2019apposita sezione Privacy sul sito web.<br \/>\nPossiamo utilizzare le informazioni raccolte: (i) per personalizzare l&#8217;esperienza dell&#8217;utente; (ii) migliorare il nostro Servizio al fine di offrirti un servizio migliore e \/ o di fornire Servizi in modo pi\u00f9 efficace; (iii) per consentirci di offrirti un servizio migliore nel rispondere alle richieste del servizio clienti, (iv) per garantire il miglioramento continuo e lo sviluppo dei Servizi; (v) amministrare il sito Web e diagnosticare possibili problemi; (vi) per amministrare un concorso, una promozione, un sondaggio o altre funzionalit\u00e0 del Sito Web; (vii) per inviare e-mail periodiche relative al proprio ordine o al proprio utilizzo dei servizi.<br \/>\nLa finalit\u00e0 di tale elaborazione \u00e8 basato sul nostro legittimo interesse ad aumentare le nostre vendite, migliorare l\u2019esperienza utente e tutelarsi legittimamente da eventuali usi impropri del sito.<\/p>\n<\/li>\n<li role=\"listitem\">\n<h5>Ambito di circolazione dei dati.<\/h5>\n<p class=\"fs-7\">Qualora un Ospite acceda ad uno o pi\u00f9 servizi resi disponibili da OTO ed offerto per conto di un Cliente di OTO (Tour Operator, Network Agenzie, et simili), il Titolare del trattamento dei dati \u00e8 indicato nel contratto principale che intercorre fra l\u2019Ospite e il Cliente di OTO da cui deriva il rapporto che da accesso ai servizi.<\/p>\n<\/li>\n<li role=\"listitem\">\n<h5>Trasferimento dati extra UE<\/h5>\n<p class=\"fs-7\">Ai sensi dell\u2019art. 43 del Codice Privacy e dell\u2019art. 44 del GDPR, OTO potrebbe trasferire i suoi dati personali a Terze Parti ubicate in Stati non appartenenti all\u2019Unione Europea ovvero allo Spazio Economico Europeo.<br \/>\nIn tale circostanza, OTO assicura l\u2019adozione di adeguate garanzie (come la sottoscrizione di clausole contrattuali standard approvate dalla Commissione UE) con la societ\u00e0 estera ricevente i dati; tali clausole garantiscono un livello di protezione dei dati corrispondente a quello sancito dalla normativa europea.<\/p>\n<\/li>\n<\/ol>\n<\/li>\n<li class=\"mb-4\" role=\"listitem\">\n<h3>Informazioni e cookie di navigazione<\/h3>\n<p class=\"fs-7\">I Cookie sono pacchetti di informazioni inviate da un web server (es. il sito) al browser Internet dell\u2019utente, da quest\u2019ultimo memorizzati automaticamente sul computer e rinviati automaticamente al server ad ogni successivo accesso al sito.<br \/>\nPer default quasi tutti i browser web sono impostati per accettare automaticamente i cookie.<\/p>\n<p class=\"fs-7\">Tipicamente i cookie possono essere installati:<br \/>\ndirettamente dal proprietario e\/o responsabile del sito web (c.d. cookie di prima parte);<br \/>\nda responsabili estranei al sito web visitato dall\u2019utente (c.d. cookie di terza parte). Ove non diversamente specificato, si rammenta che questi cookie ricadono sotto la diretta ed esclusiva responsabilit\u00e0 dello stesso gestore. Ulteriori informazioni sulla privacy e sul loro uso sono reperibili direttamente sui siti dei rispettivi gestori.<br \/>\nQuesto sito web pu\u00f2 utilizzare, anche in combinazione tra di loro i seguenti tipi di cookie classificati in base alle indicazioni del Garante Privacy e dei Pareri emessi in ambito Europeo dal Gruppo di Lavoro ex art. 29 del GDPR:<\/p>\n<ul class=\"list-unstyled\" role=\"list\">\n<li class=\"fs-7\" role=\"listitem\"><strong>Sessione<\/strong>, sono i cookie che non vengono memorizzati in modo persistente sul computer dell\u2019utente e si cancellano con la chiusura del browser, sono strettamente limitati alla trasmissione di identificativi di sessione necessari per consentire l\u2019esplorazione sicura ed efficiente del sito evitando il ricorso ad altre tecniche informatiche potenzialmente pregiudizievoli per la riservatezza della navigazione degli utenti.<\/li>\n<li class=\"fs-7\" role=\"listitem\"><strong>Persistenti<\/strong>, sono i cookie che rimangono memorizzati sul disco rigido del computer fino alla loro scadenza o cancellazione da parte degli utenti\/visitatori. Tramite i cookie persistenti i visitatori che accedono al sito (o eventuali altri utenti che impiegano il medesimo computer) vengono automaticamente riconosciuti ad ogni visita. I visitatori possono impostare il browser del computer in modo tale che accetti\/rifiuti tutti i cookie o visualizzi un avviso ogni qual volta viene proposto un cookie, per poter valutare se accettarlo o meno. L\u2019utente pu\u00f2, comunque, modificare la configurazione predefinita e disabilitare i cookie (cio\u00e8 bloccarli in via definitiva), impostando il livello di protezione pi\u00f9 elevato.<\/li>\n<li class=\"fs-7\" role=\"listitem\"><strong>Tecnici<\/strong>, sono i cookie utilizzati per autenticarsi, per usufruire di contenuti multimediali tipo flash player o per consentire la scelta della lingua di navigazione. In generale non \u00e8 quindi necessario acquisire il consenso preventivo e informato dell&#8217;utente. Rientrano in questa fattispecie anche i cookie utilizzati per analizzare statisticamente gli accessi\/le visite al sito solo se utilizzati esclusivamente per scopi statistici e tramite la raccolta di informazioni in forma aggregata.<\/li>\n<li class=\"fs-7\" role=\"listitem\"><strong>Non tecnici<\/strong>, sono tutti i cookie usati per finalit\u00e0 di profilazione e marketing. Il loro utilizzo sui terminali degli utenti \u00e8 vietato se questi non siano stati prima adeguatamente informati e non abbiano prestato al riguardo un valido consenso secondo la tecnica dell\u2019opt-in. Questi tipi di cookie sono, a loro volta, raggruppabili in base alle funzioni che assolvono in:<\/li>\n<li class=\"fs-7\" role=\"listitem\"><strong>Analytics<\/strong>, sono i cookie utilizzati per raccogliere ed analizzare informazioni statistiche sugli accessi\/le visite al sito web. In alcuni casi, associati ad altre informazioni quali le credenziali inserite per l\u2019accesso ad aree riservate (il proprio indirizzo di posta elettronica e la password), possono essere utilizzate per profilare l\u2019utente (abitudini personali, siti visitati, contenuti scaricati, tipi di interazioni effettuate, ecc.).<\/li>\n<li class=\"fs-7\" role=\"listitem\"><strong>Widgets<\/strong>, rientrano in questa categoria tutti quei componenti grafici di una interfaccia utente di un programma, che ha lo scopo di facilitare l&#8217;utente nell&#8217;interazione con il programma stesso. A titolo esemplificativo sono widget i cookie di facebook, google+, twitter.<\/li>\n<li class=\"fs-7\" role=\"listitem\"><strong>Advertsing<\/strong>, rientrano in questa categoria i cookie utilizzati per fare pubblicit\u00e0 all\u2019interno di un sito. Google, Tradedoubler rientrano in questa categoria.<\/li>\n<li class=\"fs-7\" role=\"listitem\"><strong>Web beacons<\/strong>, rientrano in questa categoria i frammenti di codice che consentono a un sito web di trasferire o raccogliere informazioni attraverso la richiesta di un&#8217;immagine grafica. I siti web possono utilizzarli per diversi fini, quali l&#8217;analisi dell&#8217;uso dei siti web, attivit\u00e0 di controllo e reportistica sulle pubblicit\u00e0 e la personalizzazione di pubblicit\u00e0 e contenuti.<\/li>\n<\/ul>\n<\/li>\n<li role=\"listitem\">\n<h3>Modalit\u00e0 del trattamento e periodo di conservazione dei dati<\/h3>\n<p class=\"fs-7\">I Dati personali sono conservati su supporti elettronici (database, piattaforme di CRM, piattaforme di contabilit\u00e0) e ove necessario cartacei (copie contratti) per tutto il tempo per cui sono necessari per fornire Servizi o funzionalit\u00e0 del Sito Web. Altri tipi di dati personali, che non sono richiesti per la fornitura dei Servizi, saranno conservati per un periodo massimo di 12 mesi o fino a quando il consenso viene revocato o vengono esercitati i diritti dei soggetti interessati. In alcuni casi, i dati personali possono essere conservati per un periodo pi\u00f9 lungo di quanto indicato, nonostante il ritiro del consenso o la richiesta di cancellazione dei Dati personali, se \u00e8 necessaria la conservazione al fine di tutelare gli interessi legittimi nostri o di terzi.<\/p>\n<\/li>\n<li role=\"listitem\">\n<h3>Sicurezza<\/h3>\n<p class=\"fs-7\">OTO implementa misure tecniche e organizzative aderenti agli standard internazionali di sicurezza sui dati e di sicurezza informatica, durante le fasi di sviluppo del software, della gestione dei clienti, in conformit\u00e0 e sotto la sorveglianza e le istruzioni dei nostri Clienti, Titolari.<br \/>\nI Dati Personali degli utenti sono raccolti solo quando vi \u00e8 espresso consenso da parte dell\u2019utente finale.<br \/>\nI Dati Personali non sono, n\u00e9 saranno, oggetto di rivendita o re-brokering a terzi.<br \/>\nLe specifiche tecniche che includono dati personali sono anonimizzate ove possibile o in alternativa distrutte immediatamente dopo il completamento delle attivit\u00e0 strettamente connesse.<br \/>\nTutti i server di cui OTO si avvale per fornire i propri servizi sono protetti tramite firewall hardware e software, Intrusion Detection System ove necessario, monitorati tramite sensori, e sottoposti a continue valutazione di rischio in conformit\u00e0 ai bollettini CERT-EU.<\/p>\n<\/li>\n<li role=\"listitem\">\n<h3>Collegamenti ad Altri Siti<\/h3>\n<p class=\"fs-7\">Per la comodit\u00e0 dei nostri visitatori e clienti, il sito Web pu\u00f2 contenere collegamenti ad altri siti, come quelli dei nostri partner o fornitori, che potrebbero adottare diverse politiche sulla privacy. Questa informativa non si applica al tuo utilizzo di altri siti web. Sebbene generalmente cerchiamo di collegarci solo a siti che condividono standard elevati e rispetto della privacy, non abbiamo alcuna responsabilit\u00e0 per il contenuto, i prodotti o i servizi offerti, le azioni indipendenti o le pratiche di privacy e sicurezza impiegate da questi altri siti indipendenti. Ti invitiamo a porre domande e a rivedere le politiche sulla privacy applicabili presenti su altri siti Web, servizi e applicazioni per comprendere come le tue informazioni possono essere raccolte e utilizzate su questi siti indipendenti prima di divulgare le informazioni a terzi.<\/p>\n<\/li>\n<li role=\"listitem\">\n<h3>Social Media &amp; Widgets<\/h3>\n<p class=\"fs-7\">Il nostro sito Web include e \/ o pu\u00f2 includere funzionalit\u00e0 e widget di social media, come il pulsante Facebook, Twitter o Linkedin. Queste funzionalit\u00e0 possono raccogliere il tuo indirizzo IP, la pagina che stai visitando sul nostro sito Web e impostare i cookie per consentire il corretto funzionamento della funzione. Le funzionalit\u00e0 sono ospitate da una terza parte o ospitate direttamente sul nostro sito web. Le tue interazioni con queste funzionalit\u00e0 sono regolate dalla politica sulla privacy della societ\u00e0 che le fornisce. Non ci assumiamo alcuna responsabilit\u00e0 e non abbiamo alcuna responsabilit\u00e0 in merito a queste caratteristiche.<\/p>\n<\/li>\n<li role=\"listitem\">\n<h3>Minorenni<\/h3>\n<p class=\"fs-7\">Non raccogliamo mai consapevolmente dati personali e informazioni personali su individui di et\u00e0 inferiore a diciotto (18) anni. Se viene ottenuta la reale conoscenza di aver raccolto informazioni personali su un individuo di et\u00e0 inferiore a diciotto (18) anni, tali informazioni verranno immediatamente cancellate dalla nostra piattaforma.<\/p>\n<\/li>\n<li class=\"mb-4\" role=\"listitem\">\n<h3>I tuoi diritti, domande e reclami<\/h3>\n<ol role=\"list\">\n<li class=\"fs-7\" role=\"listitem\">Hai il diritto di richiedere la rettifica dei dati personali (comprese le informazioni di contatto e di fatturazione che ci avete fornito) contattandoci a privacy@otosrl.com. Se elimini Dati personali o vengono cancellati su tua richiesta, conserveremo copie solo delle informazioni necessarie per proteggere gli interessi legittimi nostri o di terze parti, rispettare gli ordini governativi, risolvere controversie, risolvere problemi o applicare qualsiasi accordo tu abbia stipulato con noi.<\/li>\n<li class=\"fs-7\" role=\"listitem\">In alcuni casi, potresti avere il diritto di limitare l&#8217;elaborazione dei tuoi dati personali o di opporti al trattamento. Questi diritti possono essere esercitati contattandoci a privacy@otosrl.com.<\/li>\n<li class=\"fs-7\" role=\"listitem\">Nei casi in cui il trattamento dei Dati personali \u00e8 basato sul consenso dell&#8217;utente, l&#8217;utente ha il diritto di rifiutare e revocare il consenso al trattamento dei propri Dati personali contattandoci all&#8217;indirizzo privacy@otosrl.com. Alla cessazione del trattamento dei dati personali pu\u00f2 essere difficile o impossibile fornire servizi all&#8217;utente.<\/li>\n<li class=\"fs-7\" role=\"listitem\">Puoi richiedere informazioni su tutti i dati personali che abbiamo conservato su di te contattandoci a privacy@otosrl.com; \u00e8 inoltre possibile esercitare il diritto alla portabilit\u00e0 dei dati.<\/li>\n<li class=\"fs-7\" role=\"listitem\">Se avete domande, dubbi o lamentele riguardo al modo in cui raccogliamo e gestiamo le vostre informazioni, vi preghiamo di contattarci via email a privacy@otosrl.com o OTO srl, Via A. Di Sangiuliano 293, 95124 Catania CT. Se non sei soddisfatto del trattamento dei tuoi dati personali o della gestione dei tuoi reclami, hai il diritto di contattare il garante della privacy.<\/li>\n<li class=\"fs-7\" role=\"listitem\">Il nostro DPO pu\u00f2 essere contattato alla seguente email: privacy@otosrl.com.<\/li>\n<\/ol>\n<\/li>\n<li role=\"listitem\">\n<h3>Modifiche all\u2019Informativa<\/h3>\n<p class=\"fs-7\">L\u2019eventuale entrata in vigore di nuove normative di settore, come anche il costante esame ed aggiornamento dei servizi all&#8217;utente, potrebbe comportare la necessit\u00e0 di modificare le modalit\u00e0 e i termini descritti nella presente Informativa. \u00c8 pertanto possibile che tale documento subisca modifiche nel tempo. La invitiamo, pertanto, a consultare periodicamente questa pagina.<br \/>\nPubblicheremo eventuali modifiche alla presente Informativa in questa pagina e, qualora le modifiche fossero rilevanti, provvederemo a segnalarle con una notifica pi\u00f9 visibile.<\/p>\n<\/li>\n<\/ol>\n<\/div>\n[\/vc_column_text][\/vc_column][\/vc_row]\n","protected":false},"excerpt":{"rendered":"<p>[vc_row type=&#8221;in_container&#8221; full_screen_row_position=&#8221;middle&#8221; column_margin=&#8221;default&#8221; column_direction=&#8221;default&#8221; column_direction_tablet=&#8221;default&#8221; column_direction_phone=&#8221;default&#8221; scene_position=&#8221;center&#8221; text_color=&#8221;dark&#8221; text_align=&#8221;left&#8221; row_border_radius=&#8221;none&#8221; row_border_radius_applies=&#8221;bg&#8221; overflow=&#8221;visible&#8221; overlay_strength=&#8221;0.3&#8243; gradient_direction=&#8221;left_to_right&#8221; shape_divider_position=&#8221;bottom&#8221; bg_image_animation=&#8221;none&#8221;][vc_column top_padding_desktop=&#8221;4vw&#8221; top_padding_tablet=&#8221;8vw&#8221; column_element_direction_desktop=&#8221;default&#8221; column_element_spacing=&#8221;default&#8221; desktop_text_alignment=&#8221;default&#8221; tablet_text_alignment=&#8221;default&#8221; phone_text_alignment=&#8221;default&#8221; background_color_opacity=&#8221;1&#8243; background_hover_color_opacity=&#8221;1&#8243; column_backdrop_filter=&#8221;none&#8221; column_shadow=&#8221;none&#8221; column_border_radius=&#8221;none&#8221; column_link_target=&#8221;_self&#8221;&#8230;<\/p>\n","protected":false},"author":1,"featured_media":0,"parent":0,"menu_order":0,"comment_status":"closed","ping_status":"closed","template":"","meta":{"footnotes":""},"categories":[],"tags":[],"class_list":["post-3","page","type-page","status-publish"],"_links":{"self":[{"href":"https:\/\/www.otosrl.com\/it\/wp-json\/wp\/v2\/pages\/3","targetHints":{"allow":["GET"]}}],"collection":[{"href":"https:\/\/www.otosrl.com\/it\/wp-json\/wp\/v2\/pages"}],"about":[{"href":"https:\/\/www.otosrl.com\/it\/wp-json\/wp\/v2\/types\/page"}],"author":[{"embeddable":true,"href":"https:\/\/www.otosrl.com\/it\/wp-json\/wp\/v2\/users\/1"}],"replies":[{"embeddable":true,"href":"https:\/\/www.otosrl.com\/it\/wp-json\/wp\/v2\/comments?post=3"}],"version-history":[{"count":17,"href":"https:\/\/www.otosrl.com\/it\/wp-json\/wp\/v2\/pages\/3\/revisions"}],"predecessor-version":[{"id":1770,"href":"https:\/\/www.otosrl.com\/it\/wp-json\/wp\/v2\/pages\/3\/revisions\/1770"}],"wp:attachment":[{"href":"https:\/\/www.otosrl.com\/it\/wp-json\/wp\/v2\/media?parent=3"}],"wp:term":[{"taxonomy":"category","embeddable":true,"href":"https:\/\/www.otosrl.com\/it\/wp-json\/wp\/v2\/categories?post=3"},{"taxonomy":"post_tag","embeddable":true,"href":"https:\/\/www.otosrl.com\/it\/wp-json\/wp\/v2\/tags?post=3"}],"curies":[{"name":"wp","href":"https:\/\/api.w.org\/{rel}","templated":true}]}}